{"id":175,"date":"2026-04-06T16:50:20","date_gmt":"2026-04-06T13:50:20","guid":{"rendered":"https:\/\/sasorisuites.com\/hanko\/"},"modified":"2026-04-07T18:06:37","modified_gmt":"2026-04-07T15:06:37","slug":"hanko","status":"publish","type":"page","link":"https:\/\/sasorisuites.com\/fi\/hanko\/","title":{"rendered":"Hanko"},"content":{"rendered":"<style>.kb-row-layout-id15_a67817-f9 > .kt-row-column-wrap{align-content:start;}:where(.kb-row-layout-id15_a67817-f9 > .kt-row-column-wrap) > .wp-block-kadence-column{justify-content:start;}.kb-row-layout-id15_a67817-f9 > .kt-row-column-wrap{column-gap:var(--global-kb-gap-md, 2rem);row-gap:var(--global-kb-gap-lg, 4rem);max-width:var( --global-content-width, 1090px );padding-left:var(--global-content-edge-padding);padding-right:var(--global-content-edge-padding);padding-top:var(--global-kb-spacing-xxl, 5rem);padding-bottom:var(--global-kb-spacing-xxl, 5rem);grid-template-columns:minmax(0, calc(45% - ((var(--global-kb-gap-md, 2rem) * 1 )\/2)))minmax(0, calc(55% - ((var(--global-kb-gap-md, 2rem) * 1 )\/2)));}.kb-row-layout-id15_a67817-f9 > .kt-row-layout-overlay{opacity:0.30;}@media all and (max-width: 1024px){.kb-row-layout-id15_a67817-f9 > .kt-row-column-wrap{grid-template-columns:minmax(0, 1fr);}}@media all and (max-width: 767px){.kb-row-layout-id15_a67817-f9 > .kt-row-column-wrap{grid-template-columns:minmax(0, 1fr);}}<\/style><div class=\"kb-row-layout-wrap kb-row-layout-id15_a67817-f9 alignfull has-theme-palette8-background-color kt-row-has-bg wp-block-kadence-rowlayout\"><div class=\"kt-row-column-wrap kt-has-2-columns kt-row-layout-right-golden kt-tab-layout-row kt-mobile-layout-row kt-row-valign-top kb-theme-content-width\">\n<style>.kadence-column15_4c496d-55 > .kt-inside-inner-col{padding-right:var(--global-kb-spacing-xxl, 5rem);}.kadence-column15_4c496d-55 > .kt-inside-inner-col,.kadence-column15_4c496d-55 > .kt-inside-inner-col:before{border-top-left-radius:0px;border-top-right-radius:0px;border-bottom-right-radius:0px;border-bottom-left-radius:0px;}.kadence-column15_4c496d-55 > .kt-inside-inner-col{column-gap:var(--global-kb-gap-sm, 1rem);}.kadence-column15_4c496d-55 > .kt-inside-inner-col{flex-direction:column;}.kadence-column15_4c496d-55 > .kt-inside-inner-col > .aligncenter{width:100%;}.kadence-column15_4c496d-55 > .kt-inside-inner-col:before{opacity:0.3;}.kadence-column15_4c496d-55{position:relative;}@media all and (max-width: 1024px){.kadence-column15_4c496d-55 > .kt-inside-inner-col{padding-right:0px;flex-direction:column;justify-content:center;}}@media all and (max-width: 767px){.kadence-column15_4c496d-55 > .kt-inside-inner-col{flex-direction:column;justify-content:center;}}<\/style>\n<div class=\"wp-block-kadence-column kadence-column15_4c496d-55\"><div class=\"kt-inside-inner-col\"><style>.wp-block-kadence-advancedheading.kt-adv-heading15_2e8cec-86, .wp-block-kadence-advancedheading.kt-adv-heading15_2e8cec-86[data-kb-block=\"kb-adv-heading15_2e8cec-86\"]{margin-bottom:var(--global-kb-spacing-md, 2rem);text-align:left;font-style:normal;}.wp-block-kadence-advancedheading.kt-adv-heading15_2e8cec-86[data-kb-block=\"kb-adv-heading15_2e8cec-86\"]{display:flex;gap:0.25em;justify-content:left;align-items:center;}.wp-block-kadence-advancedheading.kt-adv-heading15_2e8cec-86[data-kb-block=\"kb-adv-heading15_2e8cec-86\"] .kb-adv-heading-icon svg{width:1em;height:1em;}.wp-block-kadence-advancedheading.kt-adv-heading15_2e8cec-86 mark.kt-highlight, .wp-block-kadence-advancedheading.kt-adv-heading15_2e8cec-86[data-kb-block=\"kb-adv-heading15_2e8cec-86\"] mark.kt-highlight{font-style:normal;color:#f76a0c;-webkit-box-decoration-break:clone;box-decoration-break:clone;padding-top:0px;padding-right:0px;padding-bottom:0px;padding-left:0px;}.wp-block-kadence-advancedheading.kt-adv-heading15_2e8cec-86 img.kb-inline-image, .wp-block-kadence-advancedheading.kt-adv-heading15_2e8cec-86[data-kb-block=\"kb-adv-heading15_2e8cec-86\"] img.kb-inline-image{width:150px;vertical-align:baseline;}@media all and (max-width: 1024px){.wp-block-kadence-advancedheading.kt-adv-heading15_2e8cec-86, .wp-block-kadence-advancedheading.kt-adv-heading15_2e8cec-86[data-kb-block=\"kb-adv-heading15_2e8cec-86\"]{text-align:center!important;}}@media all and (max-width: 1024px){.wp-block-kadence-advancedheading.kt-adv-heading15_2e8cec-86[data-kb-block=\"kb-adv-heading15_2e8cec-86\"]{justify-content:center;}}<\/style><div class=\"kt-adv-heading15_2e8cec-86 wp-block-kadence-advancedheading kt-adv-heading-has-icon has-theme-palette1-color has-text-color\" data-kb-block=\"kb-adv-heading15_2e8cec-86\"><span class=\"kb-svg-icon-wrap kb-adv-heading-icon kb-svg-icon-fe_mapPin kb-adv-heading-icon-side-left\"><svg viewBox=\"0 0 24 24\"  fill=\"none\" stroke=\"currentColor\" stroke-width=\"2\" stroke-linecap=\"round\" stroke-linejoin=\"round\" xmlns=\"http:\/\/www.w3.org\/2000\/svg\"  aria-hidden=\"true\"><path d=\"M21 10c0 7-9 13-9 13s-9-6-9-13a9 9 0 0 1 18 0z\"\/><circle cx=\"12\" cy=\"10\" r=\"3\"\/><\/svg><\/span><span class=\"kb-adv-text-inner\">Halmstadinkatu 3 B 22, 10900 Hankoo<\/span><\/div>\n\n<style>.wp-block-kadence-advancedheading.kt-adv-heading15_3c9258-61, .wp-block-kadence-advancedheading.kt-adv-heading15_3c9258-61[data-kb-block=\"kb-adv-heading15_3c9258-61\"]{margin-top:0px;margin-bottom:var(--global-kb-spacing-md, 2rem);font-size:var(--global-kb-font-size-xl, 3rem);font-style:normal;}.wp-block-kadence-advancedheading.kt-adv-heading15_3c9258-61 mark.kt-highlight, .wp-block-kadence-advancedheading.kt-adv-heading15_3c9258-61[data-kb-block=\"kb-adv-heading15_3c9258-61\"] mark.kt-highlight{font-style:normal;color:#f76a0c;-webkit-box-decoration-break:clone;box-decoration-break:clone;padding-top:0px;padding-right:0px;padding-bottom:0px;padding-left:0px;}.wp-block-kadence-advancedheading.kt-adv-heading15_3c9258-61 img.kb-inline-image, .wp-block-kadence-advancedheading.kt-adv-heading15_3c9258-61[data-kb-block=\"kb-adv-heading15_3c9258-61\"] img.kb-inline-image{width:150px;vertical-align:baseline;}@media all and (max-width: 1024px){.wp-block-kadence-advancedheading.kt-adv-heading15_3c9258-61, .wp-block-kadence-advancedheading.kt-adv-heading15_3c9258-61[data-kb-block=\"kb-adv-heading15_3c9258-61\"]{text-align:center!important;}}<\/style>\n<h2 class=\"kt-adv-heading15_3c9258-61 wp-block-kadence-advancedheading has-theme-palette-3-color has-text-color\" data-kb-block=\"kb-adv-heading15_3c9258-61\">Rentoa rannikkoel\u00e4m\u00e4\u00e4 meren \u00e4\u00e4rell\u00e4 <strong>Hangossa<\/strong><\/h2>\n\n\n<style>.wp-block-kadence-advancedheading.kt-adv-heading15_aa2170-34, .wp-block-kadence-advancedheading.kt-adv-heading15_aa2170-34[data-kb-block=\"kb-adv-heading15_aa2170-34\"]{text-align:left;font-style:normal;}.wp-block-kadence-advancedheading.kt-adv-heading15_aa2170-34 mark.kt-highlight, .wp-block-kadence-advancedheading.kt-adv-heading15_aa2170-34[data-kb-block=\"kb-adv-heading15_aa2170-34\"] mark.kt-highlight{font-style:normal;color:#f76a0c;-webkit-box-decoration-break:clone;box-decoration-break:clone;padding-top:0px;padding-right:0px;padding-bottom:0px;padding-left:0px;}.wp-block-kadence-advancedheading.kt-adv-heading15_aa2170-34 img.kb-inline-image, .wp-block-kadence-advancedheading.kt-adv-heading15_aa2170-34[data-kb-block=\"kb-adv-heading15_aa2170-34\"] img.kb-inline-image{width:150px;vertical-align:baseline;}<\/style>\n<p class=\"kt-adv-heading15_aa2170-34 wp-block-kadence-advancedheading has-theme-palette-3-color has-text-color\" data-kb-block=\"kb-adv-heading15_aa2170-34\">Huolella suunniteltu 45 m\u00b2 asunto Hangon syd\u00e4mess\u00e4. Lyhyen k\u00e4velymatkan p\u00e4\u00e4ss\u00e4 merest\u00e4, rannoista ja kaupungin keskustasta t\u00e4m\u00e4 asunto tarjoaa rauhallisen ja laadukkaan oleskelun Suomen vieh\u00e4tt\u00e4vimm\u00e4ss\u00e4 rantakaupungissa.<br\/>Hidastakaa, hengitt\u00e4k\u00e4\u00e4 ja nauttikaa Hangon ainutlaatuisesta rytmist\u00e4.<\/p>\n\n\n<style>.wp-block-kadence-advancedheading.kt-adv-heading15_a11769-c6, .wp-block-kadence-advancedheading.kt-adv-heading15_a11769-c6[data-kb-block=\"kb-adv-heading15_a11769-c6\"]{font-style:normal;}.wp-block-kadence-advancedheading.kt-adv-heading15_a11769-c6 mark.kt-highlight, .wp-block-kadence-advancedheading.kt-adv-heading15_a11769-c6[data-kb-block=\"kb-adv-heading15_a11769-c6\"] mark.kt-highlight{font-style:normal;color:#f76a0c;-webkit-box-decoration-break:clone;box-decoration-break:clone;padding-top:0px;padding-right:0px;padding-bottom:0px;padding-left:0px;}.wp-block-kadence-advancedheading.kt-adv-heading15_a11769-c6 img.kb-inline-image, .wp-block-kadence-advancedheading.kt-adv-heading15_a11769-c6[data-kb-block=\"kb-adv-heading15_a11769-c6\"] img.kb-inline-image{width:150px;vertical-align:baseline;}<\/style>\n<p class=\"kt-adv-heading15_a11769-c6 wp-block-kadence-advancedheading has-theme-palette-3-color has-text-color\" data-kb-block=\"kb-adv-heading15_a11769-c6\"><strong>Sopii erinomaisesti<br\/><\/strong>Lomaoleskeluihin, et\u00e4ty\u00f6h\u00f6n ja pidempiin rentouttaviin lomiin.<\/p>\n\n\n<style>.wp-block-kadence-advancedbtn.kb-btns15_43132e-e0{gap:var(--global-kb-gap-xs, 0.5rem );justify-content:flex-start;align-items:center;}.kt-btns15_43132e-e0 .kt-button{font-weight:normal;font-style:normal;}.kt-btns15_43132e-e0 .kt-btn-wrap-0{margin-right:5px;}.wp-block-kadence-advancedbtn.kt-btns15_43132e-e0 .kt-btn-wrap-0 .kt-button{color:#555555;border-color:#555555;}.wp-block-kadence-advancedbtn.kt-btns15_43132e-e0 .kt-btn-wrap-0 .kt-button:hover, .wp-block-kadence-advancedbtn.kt-btns15_43132e-e0 .kt-btn-wrap-0 .kt-button:focus{color:#ffffff;border-color:#444444;}.wp-block-kadence-advancedbtn.kt-btns15_43132e-e0 .kt-btn-wrap-0 .kt-button::before{display:none;}.wp-block-kadence-advancedbtn.kt-btns15_43132e-e0 .kt-btn-wrap-0 .kt-button:hover, .wp-block-kadence-advancedbtn.kt-btns15_43132e-e0 .kt-btn-wrap-0 .kt-button:focus{background:#444444;}<\/style>\n<div class=\"wp-block-kadence-advancedbtn kb-buttons-wrap kb-btns15_43132e-e0\"><style>ul.menu .wp-block-kadence-advancedbtn .kb-btn15_6f22d0-56.kb-button{width:initial;}<\/style><span class=\"kb-button kt-button button kb-btn15_6f22d0-56 kt-btn-size-standard kt-btn-width-type-auto kb-btn-global-inherit  kt-btn-has-text-true kt-btn-has-svg-false  wp-block-button__link wp-block-kadence-singlebtn\"><span class=\"kt-btn-inner-text\">Varaa nyt<\/span><\/span>\n\n<style>ul.menu .wp-block-kadence-advancedbtn .kb-btn15_c98208-d0.kb-button{width:initial;}<\/style><span class=\"kb-button kt-button button kb-btn15_c98208-d0 kt-btn-size-standard kt-btn-width-type-auto kb-btn-global-inherit button-style-secondary kt-btn-has-text-true kt-btn-has-svg-false  wp-block-button__link wp-block-kadence-singlebtn\"><span class=\"kt-btn-inner-text\">Tutustu asuntoon<\/span><\/span><\/div>\n<\/div><\/div>\n\n\n<style>.kadence-column15_d3cd4f-a0 > .kt-inside-inner-col,.kadence-column15_d3cd4f-a0 > .kt-inside-inner-col:before{border-top-left-radius:0px;border-top-right-radius:0px;border-bottom-right-radius:0px;border-bottom-left-radius:0px;}.kadence-column15_d3cd4f-a0 > .kt-inside-inner-col{column-gap:var(--global-kb-gap-sm, 1rem);}.kadence-column15_d3cd4f-a0 > .kt-inside-inner-col{flex-direction:column;}.kadence-column15_d3cd4f-a0 > .kt-inside-inner-col > .aligncenter{width:100%;}.kadence-column15_d3cd4f-a0 > .kt-inside-inner-col:before{opacity:0.3;}.kadence-column15_d3cd4f-a0{position:relative;}@media all and (max-width: 1024px){.kadence-column15_d3cd4f-a0 > .kt-inside-inner-col{flex-direction:column;justify-content:center;}}@media all and (max-width: 767px){.kadence-column15_d3cd4f-a0 > .kt-inside-inner-col{flex-direction:column;justify-content:center;}}<\/style>\n<div class=\"wp-block-kadence-column kadence-column15_d3cd4f-a0\"><div class=\"kt-inside-inner-col\"><style>.wp-block-kadence-advancedgallery .kb-gallery-type-grid.kb-gallery-id-15_770a58-3b{margin:-0.5rem;}.kb-gallery-type-grid.kb-gallery-id-15_770a58-3b .kadence-blocks-gallery-item{padding:0.5rem;}.kb-gallery-id-15_770a58-3b .kadence-blocks-gallery-item .kb-gal-image-radius, .kb-gallery-id-15_770a58-3b .kb-slide-item .kb-gal-image-radius img{border-radius:0px 0px 0px 0px;;}@media all and (max-width: 767px){.wp-block-kadence-advancedgallery .kb-gallery-type-grid.kb-gallery-id-15_770a58-3b{margin:-0.25rem;}.kb-gallery-type-grid.kb-gallery-id-15_770a58-3b .kadence-blocks-gallery-item{padding:0.25rem;}}<\/style><div class=\"kb-gallery-wrap-id-15_770a58-3b alignnone wp-block-kadence-advancedgallery\"><ul class=\"kb-gallery-ul kb-gallery-non-static kb-gallery-type-grid kb-gallery-id-15_770a58-3b kb-gallery-caption-style-bottom-hover kb-gallery-filter-none\" data-image-filter=\"none\" data-item-selector=\".kadence-blocks-gallery-item\" data-lightbox-caption=\"true\" data-columns-xxl=\"2\" data-columns-xl=\"2\" data-columns-md=\"2\" data-columns-sm=\"2\" data-columns-xs=\"2\" data-columns-ss=\"2\"><li class=\"kadence-blocks-gallery-item\" tabindex=\"0\"><div class=\"kadence-blocks-gallery-item-inner\"><figure class=\"kb-gallery-figure kadence-blocks-gallery-item-hide-caption\"><div class=\"kb-gal-image-radius\"><div class=\"kb-gallery-image-contain kadence-blocks-gallery-intrinsic kb-gallery-image-ratio-square kb-has-image-ratio-square\" ><img loading=\"lazy\" decoding=\"async\" src=\"https:\/\/sasorisuites.com\/wp-content\/uploads\/2026\/04\/IMG_8211-768x1024.jpg\" width=\"768\" height=\"1024\" alt=\"\" data-full-image=\"https:\/\/sasorisuites.com\/wp-content\/uploads\/2026\/04\/IMG_8211-scaled.jpg\" data-light-image=\"https:\/\/sasorisuites.com\/wp-content\/uploads\/2026\/04\/IMG_8211-scaled.jpg\" data-id=\"59\" class=\"wp-image-59\" srcset=\"https:\/\/sasorisuites.com\/wp-content\/uploads\/2026\/04\/IMG_8211-768x1024.jpg 768w, https:\/\/sasorisuites.com\/wp-content\/uploads\/2026\/04\/IMG_8211-225x300.jpg 225w, https:\/\/sasorisuites.com\/wp-content\/uploads\/2026\/04\/IMG_8211-1152x1536.jpg 1152w, https:\/\/sasorisuites.com\/wp-content\/uploads\/2026\/04\/IMG_8211-1536x2048.jpg 1536w, https:\/\/sasorisuites.com\/wp-content\/uploads\/2026\/04\/IMG_8211-scaled.jpg 1920w\" sizes=\"auto, (max-width: 768px) 100vw, 768px\" \/><\/div><\/div><\/figure><\/div><\/li><li class=\"kadence-blocks-gallery-item\" tabindex=\"0\"><div class=\"kadence-blocks-gallery-item-inner\"><figure class=\"kb-gallery-figure kadence-blocks-gallery-item-hide-caption\"><div class=\"kb-gal-image-radius\"><div class=\"kb-gallery-image-contain kadence-blocks-gallery-intrinsic kb-gallery-image-ratio-square kb-has-image-ratio-square\" ><img loading=\"lazy\" decoding=\"async\" src=\"https:\/\/sasorisuites.com\/wp-content\/uploads\/2026\/04\/IMG_8229-768x1024.jpg\" width=\"768\" height=\"1024\" alt=\"\" data-full-image=\"https:\/\/sasorisuites.com\/wp-content\/uploads\/2026\/04\/IMG_8229-scaled.jpg\" data-light-image=\"https:\/\/sasorisuites.com\/wp-content\/uploads\/2026\/04\/IMG_8229-scaled.jpg\" data-id=\"60\" class=\"wp-image-60\" srcset=\"https:\/\/sasorisuites.com\/wp-content\/uploads\/2026\/04\/IMG_8229-768x1024.jpg 768w, https:\/\/sasorisuites.com\/wp-content\/uploads\/2026\/04\/IMG_8229-225x300.jpg 225w, https:\/\/sasorisuites.com\/wp-content\/uploads\/2026\/04\/IMG_8229-1152x1536.jpg 1152w, https:\/\/sasorisuites.com\/wp-content\/uploads\/2026\/04\/IMG_8229-1536x2048.jpg 1536w, https:\/\/sasorisuites.com\/wp-content\/uploads\/2026\/04\/IMG_8229-scaled.jpg 1920w\" sizes=\"auto, (max-width: 768px) 100vw, 768px\" \/><\/div><\/div><\/figure><\/div><\/li><li class=\"kadence-blocks-gallery-item\" tabindex=\"0\"><div class=\"kadence-blocks-gallery-item-inner\"><figure class=\"kb-gallery-figure kadence-blocks-gallery-item-hide-caption\"><div class=\"kb-gal-image-radius\"><div class=\"kb-gallery-image-contain kadence-blocks-gallery-intrinsic kb-gallery-image-ratio-square kb-has-image-ratio-square\" ><img loading=\"lazy\" decoding=\"async\" src=\"https:\/\/sasorisuites.com\/wp-content\/uploads\/2026\/04\/IMG_8271-768x1024.jpg\" width=\"768\" height=\"1024\" alt=\"\" data-full-image=\"https:\/\/sasorisuites.com\/wp-content\/uploads\/2026\/04\/IMG_8271-scaled.jpg\" data-light-image=\"https:\/\/sasorisuites.com\/wp-content\/uploads\/2026\/04\/IMG_8271-scaled.jpg\" data-id=\"61\" class=\"wp-image-61\" srcset=\"https:\/\/sasorisuites.com\/wp-content\/uploads\/2026\/04\/IMG_8271-768x1024.jpg 768w, https:\/\/sasorisuites.com\/wp-content\/uploads\/2026\/04\/IMG_8271-225x300.jpg 225w, https:\/\/sasorisuites.com\/wp-content\/uploads\/2026\/04\/IMG_8271-1152x1536.jpg 1152w, https:\/\/sasorisuites.com\/wp-content\/uploads\/2026\/04\/IMG_8271-1536x2048.jpg 1536w, https:\/\/sasorisuites.com\/wp-content\/uploads\/2026\/04\/IMG_8271-scaled.jpg 1920w\" sizes=\"auto, (max-width: 768px) 100vw, 768px\" \/><\/div><\/div><\/figure><\/div><\/li><li class=\"kadence-blocks-gallery-item\" tabindex=\"0\"><div class=\"kadence-blocks-gallery-item-inner\"><figure class=\"kb-gallery-figure kadence-blocks-gallery-item-hide-caption\"><div class=\"kb-gal-image-radius\"><div class=\"kb-gallery-image-contain kadence-blocks-gallery-intrinsic kb-gallery-image-ratio-square kb-has-image-ratio-square\" ><img loading=\"lazy\" decoding=\"async\" src=\"https:\/\/sasorisuites.com\/wp-content\/uploads\/2026\/04\/IMG_8278-768x1024.jpg\" width=\"768\" height=\"1024\" alt=\"\" data-full-image=\"https:\/\/sasorisuites.com\/wp-content\/uploads\/2026\/04\/IMG_8278-scaled.jpg\" data-light-image=\"https:\/\/sasorisuites.com\/wp-content\/uploads\/2026\/04\/IMG_8278-scaled.jpg\" data-id=\"62\" class=\"wp-image-62\" srcset=\"https:\/\/sasorisuites.com\/wp-content\/uploads\/2026\/04\/IMG_8278-768x1024.jpg 768w, https:\/\/sasorisuites.com\/wp-content\/uploads\/2026\/04\/IMG_8278-225x300.jpg 225w, https:\/\/sasorisuites.com\/wp-content\/uploads\/2026\/04\/IMG_8278-1152x1536.jpg 1152w, https:\/\/sasorisuites.com\/wp-content\/uploads\/2026\/04\/IMG_8278-1536x2048.jpg 1536w, https:\/\/sasorisuites.com\/wp-content\/uploads\/2026\/04\/IMG_8278-scaled.jpg 1920w\" sizes=\"auto, (max-width: 768px) 100vw, 768px\" \/><\/div><\/div><\/figure><\/div><\/li><\/ul><\/div><\/div><\/div>\n\n<\/div><\/div>","protected":false},"excerpt":{"rendered":"<p>Halmstadinkatu 3 B 22, 10900 Hankoo Rentoa rannikkoel\u00e4m\u00e4\u00e4 meren \u00e4\u00e4rell\u00e4 Hangossa Huolella suunniteltu 45 m\u00b2 asunto Hangon syd\u00e4mess\u00e4. Lyhyen k\u00e4velymatkan p\u00e4\u00e4ss\u00e4 merest\u00e4, rannoista ja kaupungin keskustasta t\u00e4m\u00e4 asunto tarjoaa rauhallisen ja laadukkaan oleskelun Suomen vieh\u00e4tt\u00e4vimm\u00e4ss\u00e4 rantakaupungissa.Hidastakaa, hengitt\u00e4k\u00e4\u00e4 ja nauttikaa Hangon ainutlaatuisesta rytmist\u00e4. Sopii erinomaisestiLomaoleskeluihin, et\u00e4ty\u00f6h\u00f6n ja pidempiin rentouttaviin lomiin.<\/p>\n","protected":false},"author":1,"featured_media":0,"parent":0,"menu_order":0,"comment_status":"closed","ping_status":"closed","template":"","meta":{"inline_featured_image":false,"_kad_blocks_custom_css":"","_kad_blocks_head_custom_js":"","_kad_blocks_body_custom_js":"","_kad_blocks_footer_custom_js":"","_kad_post_transparent":"","_kad_post_title":"","_kad_post_layout":"","_kad_post_sidebar_id":"","_kad_post_content_style":"","_kad_post_vertical_padding":"","_kad_post_feature":"","_kad_post_feature_position":"","_kad_post_header":false,"_kad_post_footer":false,"_kad_post_classname":"","footnotes":""},"class_list":["post-175","page","type-page","status-publish","hentry"],"taxonomy_info":[],"featured_image_src_large":false,"author_info":{"display_name":"admin","author_link":"https:\/\/sasorisuites.com\/fi\/author\/admin\/"},"comment_info":0,"_links":{"self":[{"href":"https:\/\/sasorisuites.com\/fi\/wp-json\/wp\/v2\/pages\/175","targetHints":{"allow":["GET"]}}],"collection":[{"href":"https:\/\/sasorisuites.com\/fi\/wp-json\/wp\/v2\/pages"}],"about":[{"href":"https:\/\/sasorisuites.com\/fi\/wp-json\/wp\/v2\/types\/page"}],"author":[{"embeddable":true,"href":"https:\/\/sasorisuites.com\/fi\/wp-json\/wp\/v2\/users\/1"}],"replies":[{"embeddable":true,"href":"https:\/\/sasorisuites.com\/fi\/wp-json\/wp\/v2\/comments?post=175"}],"version-history":[{"count":1,"href":"https:\/\/sasorisuites.com\/fi\/wp-json\/wp\/v2\/pages\/175\/revisions"}],"predecessor-version":[{"id":176,"href":"https:\/\/sasorisuites.com\/fi\/wp-json\/wp\/v2\/pages\/175\/revisions\/176"}],"wp:attachment":[{"href":"https:\/\/sasorisuites.com\/fi\/wp-json\/wp\/v2\/media?parent=175"}],"curies":[{"name":"wp","href":"https:\/\/api.w.org\/{rel}","templated":true}]}}