{"id":177,"date":"2026-04-06T16:50:20","date_gmt":"2026-04-06T13:50:20","guid":{"rendered":"https:\/\/sasorisuites.com\/annankatu\/"},"modified":"2026-04-07T18:06:40","modified_gmt":"2026-04-07T15:06:40","slug":"annankatu","status":"publish","type":"page","link":"https:\/\/sasorisuites.com\/fi\/annankatu\/","title":{"rendered":"Annankatu"},"content":{"rendered":"<style>.kb-row-layout-id16_eea529-62 > .kt-row-column-wrap{align-content:center;}:where(.kb-row-layout-id16_eea529-62 > .kt-row-column-wrap) > .wp-block-kadence-column{justify-content:center;}.kb-row-layout-id16_eea529-62 > .kt-row-column-wrap{column-gap:var(--global-kb-gap-lg, 4rem);row-gap:var(--global-kb-gap-lg, 4rem);max-width:var( --global-content-width, 1090px );padding-left:var(--global-content-edge-padding);padding-right:var(--global-content-edge-padding);padding-top:var(--global-kb-spacing-5xl, 10rem);padding-bottom:var(--global-kb-spacing-xxl, 5rem);grid-template-columns:minmax(0, calc(60% - ((var(--global-kb-gap-lg, 4rem) * 1 )\/2)))minmax(0, calc(40% - ((var(--global-kb-gap-lg, 4rem) * 1 )\/2)));}.kb-row-layout-id16_eea529-62 > .kt-row-layout-overlay{opacity:0.30;}@media all and (max-width: 1024px){.kb-row-layout-id16_eea529-62 > .kt-row-column-wrap{padding-top:50px;padding-right:0px;padding-bottom:80px;padding-left:0px;grid-template-columns:minmax(0, 1fr);}}@media all and (max-width: 767px){.kb-row-layout-id16_eea529-62 > .kt-row-column-wrap{padding-top:20px;padding-right:0px;padding-bottom:0px;padding-left:0px;grid-template-columns:minmax(0, 1fr);}}<\/style><div class=\"kb-row-layout-wrap kb-row-layout-id16_eea529-62 alignfull has-theme-palette9-background-color kt-row-has-bg wp-block-kadence-rowlayout\"><div class=\"kt-row-column-wrap kt-has-2-columns kt-row-layout-equal kt-tab-layout-row kt-mobile-layout-row kt-row-valign-middle kb-theme-content-width\">\n<style>.kadence-column16_ccddf8-ad > .kt-inside-inner-col{padding-top:0px;padding-right:0px;padding-bottom:0px;padding-left:0px;}.kadence-column16_ccddf8-ad > .kt-inside-inner-col,.kadence-column16_ccddf8-ad > .kt-inside-inner-col:before{border-top-left-radius:0px;border-top-right-radius:0px;border-bottom-right-radius:0px;border-bottom-left-radius:0px;}.kadence-column16_ccddf8-ad > .kt-inside-inner-col{column-gap:var(--global-kb-gap-sm, 1rem);}.kadence-column16_ccddf8-ad > .kt-inside-inner-col{flex-direction:column;}.kadence-column16_ccddf8-ad > .kt-inside-inner-col > .aligncenter{width:100%;}.kadence-column16_ccddf8-ad > .kt-inside-inner-col:before{opacity:0.3;}.kadence-column16_ccddf8-ad{position:relative;}@media all and (max-width: 1024px){.kadence-column16_ccddf8-ad > .kt-inside-inner-col{padding-top:0px;padding-right:30px;padding-bottom:0px;padding-left:0px;flex-direction:column;justify-content:center;}}@media all and (max-width: 767px){.kadence-column16_ccddf8-ad > .kt-inside-inner-col{padding-top:0px;padding-right:0px;padding-bottom:0px;padding-left:0px;flex-direction:column;justify-content:center;}}<\/style>\n<div class=\"wp-block-kadence-column kadence-column16_ccddf8-ad inner-column-1\"><div class=\"kt-inside-inner-col\"><style>.kadence-column16_68253f-cb > .kt-inside-inner-col,.kadence-column16_68253f-cb > .kt-inside-inner-col:before{border-top-left-radius:0px;border-top-right-radius:0px;border-bottom-right-radius:0px;border-bottom-left-radius:0px;}.kadence-column16_68253f-cb > .kt-inside-inner-col{column-gap:var(--global-kb-gap-sm, 1rem);}.kadence-column16_68253f-cb > .kt-inside-inner-col{flex-direction:column;}.kadence-column16_68253f-cb > .kt-inside-inner-col > .aligncenter{width:100%;}.kadence-column16_68253f-cb > .kt-inside-inner-col:before{opacity:0.3;}.kadence-column16_68253f-cb{position:relative;}.kadence-column16_68253f-cb, .kt-inside-inner-col > .kadence-column16_68253f-cb:not(.specificity){margin-bottom:-50px;}@media all and (max-width: 1024px){.kadence-column16_68253f-cb > .kt-inside-inner-col{flex-direction:column;justify-content:center;}}@media all and (max-width: 767px){.kadence-column16_68253f-cb > .kt-inside-inner-col{flex-direction:column;justify-content:center;}}<\/style>\n<div class=\"wp-block-kadence-column kadence-column16_68253f-cb\"><div class=\"kt-inside-inner-col\"><style>.wp-block-kadence-image.kb-image16_6c5723-5f:not(.kb-specificity-added):not(.kb-extra-specificity-added){margin-bottom:-200px;}.wp-block-kadence-image.kb-image16_6c5723-5f{position:relative;z-index:3;}.kb-image16_6c5723-5f.kb-image-is-ratio-size, .kb-image16_6c5723-5f .kb-image-is-ratio-size{max-width:200px;width:100%;}.wp-block-kadence-column > .kt-inside-inner-col > .kb-image16_6c5723-5f.kb-image-is-ratio-size, .wp-block-kadence-column > .kt-inside-inner-col > .kb-image16_6c5723-5f .kb-image-is-ratio-size{align-self:unset;}.kb-image16_6c5723-5f{max-width:200px;}.image-is-svg.kb-image16_6c5723-5f{-webkit-flex:0 1 100%;flex:0 1 100%;}.image-is-svg.kb-image16_6c5723-5f img{width:100%;}.kb-image16_6c5723-5f .kb-image-has-overlay:after{opacity:0.3;}.kb-image16_6c5723-5f img.kb-img, .kb-image16_6c5723-5f .kb-img img{border-top:10px solid var(--global-palette9, #ffffff);border-right:10px solid var(--global-palette9, #ffffff);border-bottom:10px solid var(--global-palette9, #ffffff);border-left:10px solid var(--global-palette9, #ffffff);}@media all and (max-width: 1024px){.kb-image16_6c5723-5f img.kb-img, .kb-image16_6c5723-5f .kb-img img{border-top:10px solid var(--global-palette9, #ffffff);border-right:10px solid var(--global-palette9, #ffffff);border-bottom:10px solid var(--global-palette9, #ffffff);border-left:10px solid var(--global-palette9, #ffffff);}}@media all and (max-width: 767px){.kb-image16_6c5723-5f.kb-image-is-ratio-size, .kb-image16_6c5723-5f .kb-image-is-ratio-size{max-width:150px;width:100%;}.kb-image16_6c5723-5f{max-width:150px;}.kb-image16_6c5723-5f img.kb-img, .kb-image16_6c5723-5f .kb-img img{border-top:10px solid var(--global-palette9, #ffffff);border-right:10px solid var(--global-palette9, #ffffff);border-bottom:10px solid var(--global-palette9, #ffffff);border-left:10px solid var(--global-palette9, #ffffff);}}<\/style>\n<figure class=\"wp-block-kadence-image kb-image16_6c5723-5f kb-image-is-ratio-size\"><div class=\"kb-is-ratio-image kb-image-ratio-square\"><img loading=\"lazy\" decoding=\"async\" width=\"1068\" height=\"1424\" src=\"https:\/\/sasorisuites.com\/wp-content\/uploads\/2026\/04\/09C008DD-752F-4D13-9903-50534DC58916.jpg\" alt=\"\" class=\"kb-img wp-image-47\" srcset=\"https:\/\/sasorisuites.com\/wp-content\/uploads\/2026\/04\/09C008DD-752F-4D13-9903-50534DC58916.jpg 1068w, https:\/\/sasorisuites.com\/wp-content\/uploads\/2026\/04\/09C008DD-752F-4D13-9903-50534DC58916-225x300.jpg 225w, https:\/\/sasorisuites.com\/wp-content\/uploads\/2026\/04\/09C008DD-752F-4D13-9903-50534DC58916-768x1024.jpg 768w\" sizes=\"auto, (max-width: 1068px) 100vw, 1068px\" \/><\/div><\/figure>\n<\/div><\/div>\n\n\n<style>.wp-block-kadence-image.kb-image16_f08a13-cf:not(.kb-specificity-added):not(.kb-extra-specificity-added){margin-bottom:0px;}.kb-image16_f08a13-cf:not(.kb-image-is-ratio-size) .kb-img, .kb-image16_f08a13-cf.kb-image-is-ratio-size{padding-left:50px;}.kb-image16_f08a13-cf .kb-image-has-overlay:after{opacity:0.3;}<\/style>\n<figure class=\"wp-block-kadence-image kb-image16_f08a13-cf kb-image-is-ratio-size\"><div class=\"kb-is-ratio-image kb-image-ratio-land43\"><img loading=\"lazy\" decoding=\"async\" width=\"1536\" height=\"1024\" src=\"https:\/\/sasorisuites.com\/wp-content\/uploads\/2026\/04\/1C73981C-2CDE-4D4D-B854-7DACD62E2282.jpeg\" alt=\"\" class=\"kb-img wp-image-35\" srcset=\"https:\/\/sasorisuites.com\/wp-content\/uploads\/2026\/04\/1C73981C-2CDE-4D4D-B854-7DACD62E2282.jpeg 1536w, https:\/\/sasorisuites.com\/wp-content\/uploads\/2026\/04\/1C73981C-2CDE-4D4D-B854-7DACD62E2282-300x200.jpeg 300w, https:\/\/sasorisuites.com\/wp-content\/uploads\/2026\/04\/1C73981C-2CDE-4D4D-B854-7DACD62E2282-1024x683.jpeg 1024w, https:\/\/sasorisuites.com\/wp-content\/uploads\/2026\/04\/1C73981C-2CDE-4D4D-B854-7DACD62E2282-768x512.jpeg 768w\" sizes=\"auto, (max-width: 1536px) 100vw, 1536px\" \/><\/div><\/figure>\n\n\n<style>.kadence-column16_d682d5-d4 > .kt-inside-inner-col{display:flex;}.kadence-column16_d682d5-d4 > .kt-inside-inner-col{padding-right:50px;}.kadence-column16_d682d5-d4 > .kt-inside-inner-col,.kadence-column16_d682d5-d4 > .kt-inside-inner-col:before{border-top-left-radius:0px;border-top-right-radius:0px;border-bottom-right-radius:0px;border-bottom-left-radius:0px;}.kadence-column16_d682d5-d4 > .kt-inside-inner-col{column-gap:var(--global-kb-gap-sm, 1rem);}.kadence-column16_d682d5-d4 > .kt-inside-inner-col{flex-direction:column;align-items:flex-end;}.kadence-column16_d682d5-d4 > .kt-inside-inner-col > .kb-image-is-ratio-size{align-self:stretch;}.kadence-column16_d682d5-d4 > .kt-inside-inner-col > .wp-block-kadence-advancedgallery{align-self:stretch;}.kadence-column16_d682d5-d4 > .kt-inside-inner-col > .aligncenter{width:100%;}.kadence-column16_d682d5-d4 > .kt-inside-inner-col:before{opacity:0.3;}.kadence-column16_d682d5-d4{position:relative;}@media all and (max-width: 1024px){.kadence-column16_d682d5-d4 > .kt-inside-inner-col{flex-direction:column;justify-content:center;align-items:flex-end;}}@media all and (max-width: 767px){.kadence-column16_d682d5-d4 > .kt-inside-inner-col{flex-direction:column;justify-content:center;align-items:flex-end;}}<\/style>\n<div class=\"wp-block-kadence-column kadence-column16_d682d5-d4\"><div class=\"kt-inside-inner-col\"><style>.wp-block-kadence-image.kb-image16_57923a-5b:not(.kb-specificity-added):not(.kb-extra-specificity-added){margin-top:-150px;margin-right:0px;margin-bottom:0px;}.wp-block-kadence-image.kb-image16_57923a-5b{position:relative;z-index:3;}.kb-image16_57923a-5b.kb-image-is-ratio-size, .kb-image16_57923a-5b .kb-image-is-ratio-size{max-width:250px;width:100%;}.wp-block-kadence-column > .kt-inside-inner-col > .kb-image16_57923a-5b.kb-image-is-ratio-size, .wp-block-kadence-column > .kt-inside-inner-col > .kb-image16_57923a-5b .kb-image-is-ratio-size{align-self:unset;}.kb-image16_57923a-5b{max-width:250px;}.image-is-svg.kb-image16_57923a-5b{-webkit-flex:0 1 100%;flex:0 1 100%;}.image-is-svg.kb-image16_57923a-5b img{width:100%;}.kb-image16_57923a-5b .kb-image-has-overlay:after{opacity:0.3;}.kb-image16_57923a-5b img.kb-img, .kb-image16_57923a-5b .kb-img img{border-top:10px solid var(--global-palette9, #ffffff);border-right:10px solid var(--global-palette9, #ffffff);border-bottom:10px solid var(--global-palette9, #ffffff);border-left:10px solid var(--global-palette9, #ffffff);}@media all and (max-width: 1024px){.kb-image16_57923a-5b img.kb-img, .kb-image16_57923a-5b .kb-img img{border-top:10px solid var(--global-palette9, #ffffff);border-right:10px solid var(--global-palette9, #ffffff);border-bottom:10px solid var(--global-palette9, #ffffff);border-left:10px solid var(--global-palette9, #ffffff);}}@media all and (max-width: 767px){.kb-image16_57923a-5b img.kb-img, .kb-image16_57923a-5b .kb-img img{border-top:10px solid var(--global-palette9, #ffffff);border-right:10px solid var(--global-palette9, #ffffff);border-bottom:10px solid var(--global-palette9, #ffffff);border-left:10px solid var(--global-palette9, #ffffff);}}<\/style>\n<figure class=\"wp-block-kadence-image kb-image16_57923a-5b kb-image-is-ratio-size\"><div class=\"kb-is-ratio-image kb-image-ratio-square\"><img loading=\"lazy\" decoding=\"async\" width=\"1920\" height=\"2560\" src=\"https:\/\/sasorisuites.com\/wp-content\/uploads\/2026\/04\/IMG_8525-scaled.jpg\" alt=\"\" class=\"kb-img wp-image-48\" srcset=\"https:\/\/sasorisuites.com\/wp-content\/uploads\/2026\/04\/IMG_8525-scaled.jpg 1920w, https:\/\/sasorisuites.com\/wp-content\/uploads\/2026\/04\/IMG_8525-225x300.jpg 225w, https:\/\/sasorisuites.com\/wp-content\/uploads\/2026\/04\/IMG_8525-768x1024.jpg 768w, https:\/\/sasorisuites.com\/wp-content\/uploads\/2026\/04\/IMG_8525-1152x1536.jpg 1152w, https:\/\/sasorisuites.com\/wp-content\/uploads\/2026\/04\/IMG_8525-1536x2048.jpg 1536w\" sizes=\"auto, (max-width: 1920px) 100vw, 1920px\" \/><\/div><\/figure>\n<\/div><\/div>\n<\/div><\/div>\n\n\n<style>.kadence-column16_735dad-31 > .kt-inside-inner-col,.kadence-column16_735dad-31 > .kt-inside-inner-col:before{border-top-left-radius:0px;border-top-right-radius:0px;border-bottom-right-radius:0px;border-bottom-left-radius:0px;}.kadence-column16_735dad-31 > .kt-inside-inner-col{column-gap:var(--global-kb-gap-sm, 1rem);}.kadence-column16_735dad-31 > .kt-inside-inner-col{flex-direction:column;}.kadence-column16_735dad-31 > .kt-inside-inner-col > .aligncenter{width:100%;}.kadence-column16_735dad-31 > .kt-inside-inner-col:before{opacity:0.3;}.kadence-column16_735dad-31{position:relative;}@media all and (max-width: 1024px){.kadence-column16_735dad-31 > .kt-inside-inner-col{flex-direction:column;justify-content:center;}}@media all and (max-width: 1024px){.kadence-column16_735dad-31, .kt-inside-inner-col > .kadence-column16_735dad-31:not(.specificity){margin-top:50px;margin-right:0px;margin-bottom:0px;margin-left:0px;}}@media all and (max-width: 767px){.kadence-column16_735dad-31 > .kt-inside-inner-col{padding-top:0px;padding-right:20px;padding-bottom:60px;padding-left:20px;flex-direction:column;justify-content:center;}}<\/style>\n<div class=\"wp-block-kadence-column kadence-column16_735dad-31 inner-column-2\"><div class=\"kt-inside-inner-col\"><style>.wp-block-kadence-advancedheading.kt-adv-heading16_d59773-52, .wp-block-kadence-advancedheading.kt-adv-heading16_d59773-52[data-kb-block=\"kb-adv-heading16_d59773-52\"]{margin-bottom:var(--global-kb-spacing-md, 2rem);text-align:left;font-style:normal;}.wp-block-kadence-advancedheading.kt-adv-heading16_d59773-52[data-kb-block=\"kb-adv-heading16_d59773-52\"]{display:flex;gap:0.25em;justify-content:left;align-items:center;}.wp-block-kadence-advancedheading.kt-adv-heading16_d59773-52[data-kb-block=\"kb-adv-heading16_d59773-52\"] .kb-adv-heading-icon svg{width:1em;height:1em;}.wp-block-kadence-advancedheading.kt-adv-heading16_d59773-52 mark.kt-highlight, .wp-block-kadence-advancedheading.kt-adv-heading16_d59773-52[data-kb-block=\"kb-adv-heading16_d59773-52\"] mark.kt-highlight{font-style:normal;color:#f76a0c;-webkit-box-decoration-break:clone;box-decoration-break:clone;padding-top:0px;padding-right:0px;padding-bottom:0px;padding-left:0px;}.wp-block-kadence-advancedheading.kt-adv-heading16_d59773-52 img.kb-inline-image, .wp-block-kadence-advancedheading.kt-adv-heading16_d59773-52[data-kb-block=\"kb-adv-heading16_d59773-52\"] img.kb-inline-image{width:150px;vertical-align:baseline;}@media all and (max-width: 1024px){.wp-block-kadence-advancedheading.kt-adv-heading16_d59773-52, .wp-block-kadence-advancedheading.kt-adv-heading16_d59773-52[data-kb-block=\"kb-adv-heading16_d59773-52\"]{text-align:center!important;}}@media all and (max-width: 1024px){.wp-block-kadence-advancedheading.kt-adv-heading16_d59773-52[data-kb-block=\"kb-adv-heading16_d59773-52\"]{justify-content:center;}}<\/style><div class=\"kt-adv-heading16_d59773-52 wp-block-kadence-advancedheading kt-adv-heading-has-icon has-theme-palette1-color has-text-color\" data-kb-block=\"kb-adv-heading16_d59773-52\"><span class=\"kb-svg-icon-wrap kb-adv-heading-icon kb-svg-icon-fe_mapPin kb-adv-heading-icon-side-left\"><svg viewBox=\"0 0 24 24\"  fill=\"none\" stroke=\"currentColor\" stroke-width=\"2\" stroke-linecap=\"round\" stroke-linejoin=\"round\" xmlns=\"http:\/\/www.w3.org\/2000\/svg\"  aria-hidden=\"true\"><path d=\"M21 10c0 7-9 13-9 13s-9-6-9-13a9 9 0 0 1 18 0z\"\/><circle cx=\"12\" cy=\"10\" r=\"3\"\/><\/svg><\/span><span class=\"kb-adv-text-inner\">Annankatu 6 B 9, 00120 Helsinki<\/span><\/div>\n\n<style>.wp-block-kadence-advancedheading.kt-adv-heading16_b5f5ae-e4, .wp-block-kadence-advancedheading.kt-adv-heading16_b5f5ae-e4[data-kb-block=\"kb-adv-heading16_b5f5ae-e4\"]{margin-top:0px;margin-bottom:var(--global-kb-spacing-md, 2rem);font-size:var(--global-kb-font-size-xl, 3rem);font-style:normal;letter-spacing:0px;}.wp-block-kadence-advancedheading.kt-adv-heading16_b5f5ae-e4 mark.kt-highlight, .wp-block-kadence-advancedheading.kt-adv-heading16_b5f5ae-e4[data-kb-block=\"kb-adv-heading16_b5f5ae-e4\"] mark.kt-highlight{font-style:normal;color:#f76a0c;-webkit-box-decoration-break:clone;box-decoration-break:clone;padding-top:0px;padding-right:0px;padding-bottom:0px;padding-left:0px;}.wp-block-kadence-advancedheading.kt-adv-heading16_b5f5ae-e4 img.kb-inline-image, .wp-block-kadence-advancedheading.kt-adv-heading16_b5f5ae-e4[data-kb-block=\"kb-adv-heading16_b5f5ae-e4\"] img.kb-inline-image{width:150px;vertical-align:baseline;}@media all and (max-width: 1024px){.wp-block-kadence-advancedheading.kt-adv-heading16_b5f5ae-e4, .wp-block-kadence-advancedheading.kt-adv-heading16_b5f5ae-e4[data-kb-block=\"kb-adv-heading16_b5f5ae-e4\"]{font-size:var(--global-kb-font-size-xxl, 4rem);line-height:1em;text-align:center!important;}}@media all and (max-width: 767px){.wp-block-kadence-advancedheading.kt-adv-heading16_b5f5ae-e4, .wp-block-kadence-advancedheading.kt-adv-heading16_b5f5ae-e4[data-kb-block=\"kb-adv-heading16_b5f5ae-e4\"]{font-size:var(--global-kb-font-size-xl, 3rem);line-height:1em;}}<\/style>\n<h2 class=\"kt-adv-heading16_b5f5ae-e4 wp-block-kadence-advancedheading has-theme-palette-3-color has-text-color\" data-kb-block=\"kb-adv-heading16_b5f5ae-e4\">Tilavaa asumista <strong>Helsingin keskustassa<\/strong><\/h2>\n\n\n<style>.wp-block-kadence-advancedheading.kt-adv-heading16_c66a8b-33, .wp-block-kadence-advancedheading.kt-adv-heading16_c66a8b-33[data-kb-block=\"kb-adv-heading16_c66a8b-33\"]{margin-top:0px;margin-bottom:var(--global-kb-spacing-md, 2rem);font-style:normal;}.wp-block-kadence-advancedheading.kt-adv-heading16_c66a8b-33 mark.kt-highlight, .wp-block-kadence-advancedheading.kt-adv-heading16_c66a8b-33[data-kb-block=\"kb-adv-heading16_c66a8b-33\"] mark.kt-highlight{font-style:normal;color:#f76a0c;-webkit-box-decoration-break:clone;box-decoration-break:clone;padding-top:0px;padding-right:0px;padding-bottom:0px;padding-left:0px;}.wp-block-kadence-advancedheading.kt-adv-heading16_c66a8b-33 img.kb-inline-image, .wp-block-kadence-advancedheading.kt-adv-heading16_c66a8b-33[data-kb-block=\"kb-adv-heading16_c66a8b-33\"] img.kb-inline-image{width:150px;vertical-align:baseline;}<\/style>\n<p class=\"kt-adv-heading16_c66a8b-33 wp-block-kadence-advancedheading has-theme-palette-4-color has-text-color\" data-kb-block=\"kb-adv-heading16_c66a8b-33\">Harvinainen 106 m\u00b2 asunto niille, jotka arvostavat tilaa, yksityisyytt\u00e4 ja hienostunutta mukavuutta. Annankadulla sijaitseva asunto tarjoaa keskeisen sijainnin Helsingiss\u00e4 yhdistettyn\u00e4 rauhalliseen yksityisyyteen kaupungin yl\u00e4puolella.<br\/><br\/>Kaikki tarvitsemanne on k\u00e4velymatkan p\u00e4\u00e4ss\u00e4 \u2013 ravintolat, kahvilat, kaupat ja kulttuurikohteet \u2013 mutta sis\u00e4ll\u00e4 l\u00f6yd\u00e4tte rauhallisen tilan rentoutumiseen ja keskittymiseen.<br\/><br\/><strong>Sopii erinomaisesti<\/strong><br\/>Liikematkoille, perheille tai pidempiin vierailuihin, joissa mukavuus ja tila ovat t\u00e4rkeit\u00e4.<\/p>\n\n\n<style>.wp-block-kadence-advancedbtn.kb-btns16_e168db-fc{gap:var(--global-kb-gap-xs, 0.5rem );justify-content:flex-start;align-items:center;}.kt-btns16_e168db-fc .kt-button{font-weight:normal;font-style:normal;}.kt-btns16_e168db-fc .kt-btn-wrap-0{margin-right:5px;}.wp-block-kadence-advancedbtn.kt-btns16_e168db-fc .kt-btn-wrap-0 .kt-button{color:#555555;border-color:#555555;}.wp-block-kadence-advancedbtn.kt-btns16_e168db-fc .kt-btn-wrap-0 .kt-button:hover, .wp-block-kadence-advancedbtn.kt-btns16_e168db-fc .kt-btn-wrap-0 .kt-button:focus{color:#ffffff;border-color:#444444;}.wp-block-kadence-advancedbtn.kt-btns16_e168db-fc .kt-btn-wrap-0 .kt-button::before{display:none;}.wp-block-kadence-advancedbtn.kt-btns16_e168db-fc .kt-btn-wrap-0 .kt-button:hover, .wp-block-kadence-advancedbtn.kt-btns16_e168db-fc .kt-btn-wrap-0 .kt-button:focus{background:#444444;}<\/style>\n<div class=\"wp-block-kadence-advancedbtn kb-buttons-wrap kb-btns16_e168db-fc\"><style>ul.menu .wp-block-kadence-advancedbtn .kb-btn16_a6fbd1-a3.kb-button{width:initial;}<\/style><span class=\"kb-button kt-button button kb-btn16_a6fbd1-a3 kt-btn-size-standard kt-btn-width-type-auto kb-btn-global-inherit  kt-btn-has-text-true kt-btn-has-svg-false  wp-block-button__link wp-block-kadence-singlebtn\"><span class=\"kt-btn-inner-text\">Varaa nyt<\/span><\/span>\n\n<style>ul.menu .wp-block-kadence-advancedbtn .kb-btn16_fad176-d1.kb-button{width:initial;}<\/style><span class=\"kb-button kt-button button kb-btn16_fad176-d1 kt-btn-size-standard kt-btn-width-type-auto kb-btn-global-inherit button-style-secondary kt-btn-has-text-true kt-btn-has-svg-false  wp-block-button__link wp-block-kadence-singlebtn\"><span class=\"kt-btn-inner-text\">Tutustu asuntoon<\/span><\/span><\/div>\n<\/div><\/div>\n\n<\/div><\/div>","protected":false},"excerpt":{"rendered":"<p>Annankatu 6 B 9, 00120 Helsinki Tilavaa asumista Helsingin keskustassa Harvinainen 106 m\u00b2 asunto niille, jotka arvostavat tilaa, yksityisyytt\u00e4 ja hienostunutta mukavuutta. Annankadulla sijaitseva asunto tarjoaa keskeisen sijainnin Helsingiss\u00e4 yhdistettyn\u00e4 rauhalliseen yksityisyyteen kaupungin yl\u00e4puolella. Kaikki tarvitsemanne on k\u00e4velymatkan p\u00e4\u00e4ss\u00e4 \u2013 ravintolat, kahvilat, kaupat ja kulttuurikohteet \u2013 mutta sis\u00e4ll\u00e4 l\u00f6yd\u00e4tte rauhallisen tilan rentoutumiseen ja keskittymiseen. Sopii&#8230;<\/p>\n","protected":false},"author":1,"featured_media":0,"parent":0,"menu_order":0,"comment_status":"closed","ping_status":"closed","template":"","meta":{"inline_featured_image":false,"_kad_blocks_custom_css":"","_kad_blocks_head_custom_js":"","_kad_blocks_body_custom_js":"","_kad_blocks_footer_custom_js":"","_kad_post_transparent":"","_kad_post_title":"","_kad_post_layout":"","_kad_post_sidebar_id":"","_kad_post_content_style":"","_kad_post_vertical_padding":"","_kad_post_feature":"","_kad_post_feature_position":"","_kad_post_header":false,"_kad_post_footer":false,"_kad_post_classname":"","footnotes":""},"class_list":["post-177","page","type-page","status-publish","hentry"],"taxonomy_info":[],"featured_image_src_large":false,"author_info":{"display_name":"admin","author_link":"https:\/\/sasorisuites.com\/fi\/author\/admin\/"},"comment_info":0,"_links":{"self":[{"href":"https:\/\/sasorisuites.com\/fi\/wp-json\/wp\/v2\/pages\/177","targetHints":{"allow":["GET"]}}],"collection":[{"href":"https:\/\/sasorisuites.com\/fi\/wp-json\/wp\/v2\/pages"}],"about":[{"href":"https:\/\/sasorisuites.com\/fi\/wp-json\/wp\/v2\/types\/page"}],"author":[{"embeddable":true,"href":"https:\/\/sasorisuites.com\/fi\/wp-json\/wp\/v2\/users\/1"}],"replies":[{"embeddable":true,"href":"https:\/\/sasorisuites.com\/fi\/wp-json\/wp\/v2\/comments?post=177"}],"version-history":[{"count":3,"href":"https:\/\/sasorisuites.com\/fi\/wp-json\/wp\/v2\/pages\/177\/revisions"}],"predecessor-version":[{"id":182,"href":"https:\/\/sasorisuites.com\/fi\/wp-json\/wp\/v2\/pages\/177\/revisions\/182"}],"wp:attachment":[{"href":"https:\/\/sasorisuites.com\/fi\/wp-json\/wp\/v2\/media?parent=177"}],"curies":[{"name":"wp","href":"https:\/\/api.w.org\/{rel}","templated":true}]}}